{"id":1439,"date":"2025-01-08T10:06:58","date_gmt":"2025-01-08T08:06:58","guid":{"rendered":"https:\/\/xn--karlheinz-bhm-schule-ebc.de\/?page_id=1439"},"modified":"2025-08-28T11:27:51","modified_gmt":"2025-08-28T09:27:51","slug":"essensbestellung","status":"publish","type":"page","link":"https:\/\/xn--karlheinz-bhm-schule-ebc.de\/?page_id=1439","title":{"rendered":"ESSENS-Bestellung"},"content":{"rendered":"\n<p>F\u00fcr die Mittagsverpflegung im Ganztag der Karlheinz-B\u00f6hm-Schule ist die Firma WeBeG (<a href=\"https:\/\/www.webeg-eschwege.de\/catering-bistro\" target=\"_blank\" rel=\"noreferrer noopener\">am\u00e9lie<\/a>) zust\u00e4ndig.<\/p>\n\n\n\n<p>Bei Nachfragen \/ \u00c4nderungen usw. wenden Sie sich bitte direkt an folgende E-Mail-Adresse:<\/p>\n\n\n\n<p><a href=\"mailto:bestellsystem@webeg-eschwege.de\" target=\"_blank\" rel=\"noreferrer noopener\">bestellsystem@webeg-eschwege.de<\/a><\/p>\n\n\n\n<hr class=\"wp-block-separator has-alpha-channel-opacity\"\/>\n\n\n\n<p>Hier finden Sie ein <a href=\"https:\/\/xn--karlheinz-bhm-schule-ebc.de\/wp-content\/uploads\/2025\/06\/Amelie_Elternbrief-Karl-Heinz-Boehm-Schule-1.pdf\" target=\"_blank\" rel=\"noreferrer noopener\">Informationsschreiben <\/a>der Firma am\u00e9lie.<\/p>\n\n\n\n<hr class=\"wp-block-separator has-alpha-channel-opacity\"\/>\n\n\n\n<p>Hier finden Sie <a href=\"https:\/\/xn--karlheinz-bhm-schule-ebc.de\/wp-content\/uploads\/2025\/01\/Erlaeuterung-i-Net-Menue-Frau-Holle-Schule-2023.pdf\" target=\"_blank\" rel=\"noreferrer noopener\">Erl\u00e4uterungen und Hilfestellung<\/a> zur Bestellplattform i-NET-Men\u00fc.<\/p>\n\n\n\n<p><\/p>\n","protected":false},"excerpt":{"rendered":"<p>F\u00fcr die Mittagsverpflegung im Ganztag der Karlheinz-B\u00f6hm-Schule ist die Firma WeBeG (am\u00e9lie) zust\u00e4ndig. Bei Nachfragen \/ \u00c4nderungen usw. wenden Sie sich bitte direkt an folgende E-Mail-Adresse: bestellsystem@webeg-eschwege.de Hier finden Sie ein Informationsschreiben der Firma am\u00e9lie. Hier finden Sie Erl\u00e4uterungen und Hilfestellung zur Bestellplattform i-NET-Men\u00fc.<\/p>\n","protected":false},"author":3,"featured_media":0,"parent":0,"menu_order":0,"comment_status":"closed","ping_status":"closed","template":"","meta":{"inline_featured_image":false,"footnotes":""},"class_list":["post-1439","page","type-page","status-publish","hentry"],"_links":{"self":[{"href":"https:\/\/xn--karlheinz-bhm-schule-ebc.de\/index.php?rest_route=\/wp\/v2\/pages\/1439","targetHints":{"allow":["GET"]}}],"collection":[{"href":"https:\/\/xn--karlheinz-bhm-schule-ebc.de\/index.php?rest_route=\/wp\/v2\/pages"}],"about":[{"href":"https:\/\/xn--karlheinz-bhm-schule-ebc.de\/index.php?rest_route=\/wp\/v2\/types\/page"}],"author":[{"embeddable":true,"href":"https:\/\/xn--karlheinz-bhm-schule-ebc.de\/index.php?rest_route=\/wp\/v2\/users\/3"}],"replies":[{"embeddable":true,"href":"https:\/\/xn--karlheinz-bhm-schule-ebc.de\/index.php?rest_route=%2Fwp%2Fv2%2Fcomments&post=1439"}],"version-history":[{"count":8,"href":"https:\/\/xn--karlheinz-bhm-schule-ebc.de\/index.php?rest_route=\/wp\/v2\/pages\/1439\/revisions"}],"predecessor-version":[{"id":1627,"href":"https:\/\/xn--karlheinz-bhm-schule-ebc.de\/index.php?rest_route=\/wp\/v2\/pages\/1439\/revisions\/1627"}],"wp:attachment":[{"href":"https:\/\/xn--karlheinz-bhm-schule-ebc.de\/index.php?rest_route=%2Fwp%2Fv2%2Fmedia&parent=1439"}],"curies":[{"name":"wp","href":"https:\/\/api.w.org\/{rel}","templated":true}]}}