{"id":1438,"date":"2025-01-08T10:09:49","date_gmt":"2025-01-08T08:09:49","guid":{"rendered":"https:\/\/xn--karlheinz-bhm-schule-ebc.de\/?page_id=1438"},"modified":"2025-07-04T07:23:34","modified_gmt":"2025-07-04T05:23:34","slug":"ganztag-2","status":"publish","type":"page","link":"https:\/\/xn--karlheinz-bhm-schule-ebc.de\/?page_id=1438","title":{"rendered":"GANZTAG"},"content":{"rendered":"\n<p><strong>Willkommen im Ganztag der Karlheinz-B\u00f6hm-Schule.<\/strong><\/p>\n\n\n\n<p>Unsere Betreuungszeiten sind:<\/p>\n\n\n\n<figure class=\"wp-block-image size-full\"><img loading=\"lazy\" decoding=\"async\" width=\"1146\" height=\"354\" src=\"https:\/\/xn--karlheinz-bhm-schule-ebc.de\/wp-content\/uploads\/2025\/01\/GTA_Zeiten-1.jpg\" alt=\"\" class=\"wp-image-1466\" srcset=\"https:\/\/xn--karlheinz-bhm-schule-ebc.de\/wp-content\/uploads\/2025\/01\/GTA_Zeiten-1.jpg 1146w, https:\/\/xn--karlheinz-bhm-schule-ebc.de\/wp-content\/uploads\/2025\/01\/GTA_Zeiten-1-300x93.jpg 300w, https:\/\/xn--karlheinz-bhm-schule-ebc.de\/wp-content\/uploads\/2025\/01\/GTA_Zeiten-1-768x237.jpg 768w\" sizes=\"auto, (max-width: 1146px) 100vw, 1146px\" \/><\/figure>\n\n\n\n<p>&#8212;&#8212;&#8212;&#8212;&#8212;&#8212;&#8212;&#8212;&#8212;&#8212;&#8212;&#8212;&#8212;&#8212;&#8212;&#8212;&#8212;&#8212;&#8212;&#8212;&#8212;&#8212;&#8212;&#8212;&#8212;&#8212;&#8212;&#8212;&#8212;&#8212;&#8212;&#8212;&#8212;&#8212;&#8212;&#8212;&#8212;&#8212;&#8211;<\/p>\n\n\n\n<p>In <strong>dringenden <\/strong>F\u00e4llen erreichen Sie die Betreuung telefonisch unter 05656 &#8211; 92 33 89 2.<\/p>\n\n\n\n<hr class=\"wp-block-separator has-alpha-channel-opacity\"\/>\n\n\n\n<p><a href=\"https:\/\/karlheinz-b\u00f6hm-schule.de\/?page_id=1439\" target=\"_blank\" rel=\"noreferrer noopener\">Hier <\/a>finden Sie Informationen zur Essensbestellung.<\/p>\n\n\n\n<hr class=\"wp-block-separator has-alpha-channel-opacity\"\/>\n\n\n\n<p><a href=\"https:\/\/karlheinz-b\u00f6hm-schule.de\/?page_id=858\" target=\"_blank\" rel=\"noreferrer noopener\">Hier <\/a>finden Sie die aktuelle Auswahl des AG-Angebots (Arbeitsgemeinschaften).<\/p>\n\n\n\n<hr class=\"wp-block-separator has-alpha-channel-opacity\"\/>\n\n\n\n<p><a href=\"https:\/\/karlheinz-b\u00f6hm-schule.de\/?page_id=140\" target=\"_blank\" rel=\"noreferrer noopener\">Hier <\/a>k\u00f6nnen Sie die halbj\u00e4hrliche Meldung der Betreuungszeiten vornehmen.<\/p>\n\n\n\n<hr class=\"wp-block-separator has-alpha-channel-opacity\"\/>\n\n\n\n<p><a href=\"https:\/\/xn--karlheinz-bhm-schule-ebc.de\/wp-content\/uploads\/2025\/07\/2025_2026_BLANKO.pdf\" target=\"_blank\" rel=\"noreferrer noopener\">Hier <\/a>finden Sie den Blanko-Vertrag f\u00fcr die Grundmeldung des Betreuungsbedarfs Ihres Kindes.<\/p>\n\n\n\n<p><\/p>\n","protected":false},"excerpt":{"rendered":"<p>Willkommen im Ganztag der Karlheinz-B\u00f6hm-Schule. Unsere Betreuungszeiten sind: &#8212;&#8212;&#8212;&#8212;&#8212;&#8212;&#8212;&#8212;&#8212;&#8212;&#8212;&#8212;&#8212;&#8212;&#8212;&#8212;&#8212;&#8212;&#8212;&#8212;&#8212;&#8212;&#8212;&#8212;&#8212;&#8212;&#8212;&#8212;&#8212;&#8212;&#8212;&#8212;&#8212;&#8212;&#8212;&#8212;&#8212;&#8212;&#8211; In dringenden F\u00e4llen erreichen Sie die Betreuung telefonisch unter 05656 &#8211; 92 33 89 2. Hier finden Sie Informationen zur Essensbestellung. Hier finden Sie die aktuelle Auswahl des AG-Angebots (Arbeitsgemeinschaften). Hier k\u00f6nnen Sie die halbj\u00e4hrliche Meldung der Betreuungszeiten vornehmen. Hier finden Sie den Blanko-Vertrag f\u00fcr die [&hellip;]<\/p>\n","protected":false},"author":3,"featured_media":0,"parent":0,"menu_order":0,"comment_status":"closed","ping_status":"closed","template":"","meta":{"inline_featured_image":false,"footnotes":""},"class_list":["post-1438","page","type-page","status-publish","hentry"],"_links":{"self":[{"href":"https:\/\/xn--karlheinz-bhm-schule-ebc.de\/index.php?rest_route=\/wp\/v2\/pages\/1438","targetHints":{"allow":["GET"]}}],"collection":[{"href":"https:\/\/xn--karlheinz-bhm-schule-ebc.de\/index.php?rest_route=\/wp\/v2\/pages"}],"about":[{"href":"https:\/\/xn--karlheinz-bhm-schule-ebc.de\/index.php?rest_route=\/wp\/v2\/types\/page"}],"author":[{"embeddable":true,"href":"https:\/\/xn--karlheinz-bhm-schule-ebc.de\/index.php?rest_route=\/wp\/v2\/users\/3"}],"replies":[{"embeddable":true,"href":"https:\/\/xn--karlheinz-bhm-schule-ebc.de\/index.php?rest_route=%2Fwp%2Fv2%2Fcomments&post=1438"}],"version-history":[{"count":7,"href":"https:\/\/xn--karlheinz-bhm-schule-ebc.de\/index.php?rest_route=\/wp\/v2\/pages\/1438\/revisions"}],"predecessor-version":[{"id":1621,"href":"https:\/\/xn--karlheinz-bhm-schule-ebc.de\/index.php?rest_route=\/wp\/v2\/pages\/1438\/revisions\/1621"}],"wp:attachment":[{"href":"https:\/\/xn--karlheinz-bhm-schule-ebc.de\/index.php?rest_route=%2Fwp%2Fv2%2Fmedia&parent=1438"}],"curies":[{"name":"wp","href":"https:\/\/api.w.org\/{rel}","templated":true}]}}